{"id":259,"date":"2026-01-13T12:54:09","date_gmt":"2026-01-13T12:54:09","guid":{"rendered":"http:\/\/xn--baanthai-nrnberg-szb.de\/?page_id=259"},"modified":"2026-01-24T15:59:25","modified_gmt":"2026-01-24T15:59:25","slug":"impressum","status":"publish","type":"page","link":"http:\/\/xn--baanthai-nrnberg-szb.de\/en\/impressum\/","title":{"rendered":"Imprint"},"content":{"rendered":"<div data-elementor-type=\"wp-page\" data-elementor-id=\"259\" class=\"elementor elementor-259\">\n\t\t\t\t\t\t<section class=\"elementor-section elementor-top-section elementor-element elementor-element-6c5b897f elementor-section-height-min-height elementor-hidden-desktop elementor-section-boxed elementor-section-height-default elementor-section-items-middle\" data-id=\"6c5b897f\" data-element_type=\"section\" data-settings=\"{&quot;background_background&quot;:&quot;classic&quot;}\">\n\t\t\t\t\t\t<div class=\"elementor-container elementor-column-gap-default\">\n\t\t\t\t\t<div class=\"elementor-column elementor-col-100 elementor-top-column elementor-element elementor-element-6134c8b\" data-id=\"6134c8b\" data-element_type=\"column\">\n\t\t\t<div class=\"elementor-widget-wrap\">\n\t\t\t\t\t\t\t<\/div>\n\t\t<\/div>\n\t\t\t\t\t<\/div>\n\t\t<\/section>\n\t\t\t\t<section class=\"elementor-section elementor-top-section elementor-element elementor-element-53b3848c elementor-section-height-min-height elementor-section-boxed elementor-section-height-default elementor-section-items-middle\" data-id=\"53b3848c\" data-element_type=\"section\" data-settings=\"{&quot;background_background&quot;:&quot;classic&quot;}\">\n\t\t\t\t\t\t<div class=\"elementor-container elementor-column-gap-default\">\n\t\t\t\t\t<div class=\"elementor-column elementor-col-100 elementor-top-column elementor-element elementor-element-22a1be31\" data-id=\"22a1be31\" data-element_type=\"column\">\n\t\t\t<div class=\"elementor-widget-wrap elementor-element-populated\">\n\t\t\t\t\t\t<div class=\"elementor-element elementor-element-76f700e8 elementor-widget elementor-widget-spacer\" data-id=\"76f700e8\" data-element_type=\"widget\" data-widget_type=\"spacer.default\">\n\t\t\t\t\t\t\t<div class=\"elementor-spacer\">\n\t\t\t<div class=\"elementor-spacer-inner\"><\/div>\n\t\t<\/div>\n\t\t\t\t\t\t<\/div>\n\t\t\t\t<div class=\"elementor-element elementor-element-b41440f elementor-widget elementor-widget-heading\" data-id=\"b41440f\" data-element_type=\"widget\" data-widget_type=\"heading.default\">\n\t\t\t\t\t<h1 class=\"elementor-heading-title elementor-size-default\">Imprint<\/h1>\t\t\t\t<\/div>\n\t\t\t\t<div class=\"elementor-element elementor-element-c0dda2a elementor-widget elementor-widget-html\" data-id=\"c0dda2a\" data-element_type=\"widget\" data-widget_type=\"html.default\">\n\t\t\t\t\t<h2>Information pursuant to \u00a7 5 TMG<\/h2>\r\n\r\n<p>\r\n<strong>BaanThai Wellness &amp; Massage N\u00fcrnberg<\/strong><br>\r\nOwner: Supattra Kraemer<br>\r\nBindergasse 7<br>\r\n90403 N\u00fcrnberg<br>\r\nGermany\r\n<\/p>\r\n\r\n<h3>Contact<\/h3>\r\n<p>\r\nTelefon: 015565 152709<br>\r\nE-Mail: <a href=\"mailto:info@xn--baanthai-nrnberg-szb.de\">info@baanthai-n\u00fcrnberg.de<\/a>\r\n<\/p>\r\n\r\n<h3>Responsible for content according to \u00a7 55 para. 2 RStV<\/h3>\r\n<p>\r\nSupattra Kraemer<br>\r\nBaanThai Wellness &amp; Massage N\u00fcrnberg<br>\r\nBindergasse 7<br>\r\n90403 N\u00fcrnberg\r\n<\/p>\r\n\r\n<hr>\r\n\r\n<h3>Online Appointment Booking<\/h3>\r\n<p>\r\nOnline appointment booking is carried out via the external booking system <strong>Setmore<\/strong>By clicking the relevant booking links, you leave our website and are redirected to an external platform.\r\n<\/p>\r\n<p>\r\nThe processing of personal data on the Setmore platform is subject to the privacy policy of the respective provider.\r\n<\/p>\r\n\r\n<h3>Vouchers<\/h3>\r\n<p>\r\nVouchers can be requested via the contact form. The sale and processing of vouchers take place after individual request and confirmation.\r\n<\/p>\r\n\r\n<hr>\r\n\r\n<h3>Liability for Content<\/h3>\r\n<p>\r\nAs a service provider, we are responsible for our own content on these pages in accordance with \u00a7 7 para. 1 TMG and general laws. According to \u00a7\u00a7 8 to 10 TMG, however, we are not obligated to monitor transmitted or stored third-party information or to investigate circumstances that indicate illegal activity.\r\n<\/p>\r\n\r\n<h3>Liability for Links<\/h3>\r\n<p>\r\nOur website contains links to external third-party websites over whose content we have no control. Therefore, we cannot assume any liability for these external contents. The respective provider or operator of the linked pages is always responsible for their content.\r\n<\/p>\r\n\r\n<h3>Copyright<\/h3>\r\n<p>\r\nThe content and works created by the site operators on these pages are subject to German copyright law. The images used originate in part from <strong>Freepik Premium<\/strong> and are licensed accordingly.\r\n<\/p>\r\n\r\n<h3>Google Maps<\/h3>\r\n<p>\r\nThis website uses Google Maps to display map information. The provider is Google Ireland Limited. By using Google Maps, information about the use of this website may be transmitted to Google.\r\n<\/p>\r\n\r\n<hr>\r\n\r\n<h3>Dispute Resolution<\/h3>\r\n<p>\r\nThe European Commission provides a platform for online dispute resolution (ODR):<br>\r\n<a href=\"https:\/\/ec.europa.eu\/consumers\/odr\" target=\"_blank\" rel=\"noopener\">\r\nhttps:\/\/ec.europa.eu\/consumers\/odr\r\n<\/a>\r\n<\/p>\r\n\r\n<p>\r\nWe are neither obliged nor willing to participate in dispute resolution proceedings before a consumer arbitration board.\r\n<\/p>\r\n\t\t\t\t<\/div>\n\t\t\t\t<div class=\"elementor-element elementor-element-343e85b elementor-widget elementor-widget-spacer\" data-id=\"343e85b\" data-element_type=\"widget\" data-widget_type=\"spacer.default\">\n\t\t\t\t\t\t\t<div class=\"elementor-spacer\">\n\t\t\t<div class=\"elementor-spacer-inner\"><\/div>\n\t\t<\/div>\n\t\t\t\t\t\t<\/div>\n\t\t\t\t\t<\/div>\n\t\t<\/div>\n\t\t\t\t\t<\/div>\n\t\t<\/section>\n\t\t\t\t<section class=\"elementor-section elementor-top-section elementor-element elementor-element-704d5b4b elementor-section-height-min-height elementor-section-boxed elementor-section-height-default elementor-section-items-middle\" data-id=\"704d5b4b\" data-element_type=\"section\" data-settings=\"{&quot;background_background&quot;:&quot;classic&quot;}\">\n\t\t\t\t\t\t<div class=\"elementor-container elementor-column-gap-default\">\n\t\t\t\t\t<div class=\"elementor-column elementor-col-100 elementor-top-column elementor-element elementor-element-367a88ae\" data-id=\"367a88ae\" data-element_type=\"column\">\n\t\t\t<div class=\"elementor-widget-wrap\">\n\t\t\t\t\t\t\t<\/div>\n\t\t<\/div>\n\t\t\t\t\t<\/div>\n\t\t<\/section>\n\t\t\t\t<\/div>","protected":false},"excerpt":{"rendered":"<p>Impressum Angaben gem\u00e4\u00df \u00a7 5 TMG BaanThai Wellness &amp; Massage N\u00fcrnberg Inhaberin: Supattra Kraemer Bindergasse 7 90403 N\u00fcrnberg Deutschland Kontakt Telefon: 015565 152709 E-Mail: info@baanthai-n\u00fcrnberg.de Verantwortlich f\u00fcr den Inhalt nach \u00a7 55 Abs. 2 RStV Supattra Kraemer BaanThai Wellness &amp; &hellip; <a class=\"kt-excerpt-readmore more-link\" href=\"http:\/\/xn--baanthai-nrnberg-szb.de\/en\/impressum\/\">Read More<\/a><\/p>","protected":false},"author":1,"featured_media":0,"parent":0,"menu_order":0,"comment_status":"closed","ping_status":"closed","template":"","meta":{"footnotes":""},"class_list":["post-259","page","type-page","status-publish","hentry"],"yoast_head":"<!-- This site is optimized with the Yoast SEO plugin v26.7 - https:\/\/yoast.com\/wordpress\/plugins\/seo\/ -->\n<title>Impressum - BaanThai Wellness &amp; Massage N\u00fcrnberg<\/title>\n<meta name=\"robots\" content=\"noindex, follow\" \/>\n<meta property=\"og:locale\" content=\"en_GB\" \/>\n<meta property=\"og:type\" content=\"article\" \/>\n<meta property=\"og:title\" content=\"Impressum - BaanThai Wellness &amp; Massage N\u00fcrnberg\" \/>\n<meta property=\"og:description\" content=\"Impressum Angaben gem\u00e4\u00df \u00a7 5 TMG BaanThai Wellness &amp; Massage N\u00fcrnberg Inhaberin: Supattra Kraemer Bindergasse 7 90403 N\u00fcrnberg Deutschland Kontakt Telefon: 015565 152709 E-Mail: info@baanthai-n\u00fcrnberg.de Verantwortlich f\u00fcr den Inhalt nach \u00a7 55 Abs. 2 RStV Supattra Kraemer BaanThai Wellness &amp; &hellip; Read More\" \/>\n<meta property=\"og:url\" content=\"https:\/\/xn--baanthai-nrnberg-szb.de\/en\/impressum\/\" \/>\n<meta property=\"og:site_name\" content=\"BaanThai Wellness &amp; Massage N\u00fcrnberg\" \/>\n<meta property=\"article:modified_time\" content=\"2026-01-24T15:59:25+00:00\" \/>\n<meta name=\"twitter:card\" content=\"summary_large_image\" \/>\n<meta name=\"twitter:label1\" content=\"Est. reading time\" \/>\n\t<meta name=\"twitter:data1\" content=\"2 minutes\" \/>\n<script type=\"application\/ld+json\" class=\"yoast-schema-graph\">{\"@context\":\"https:\/\/schema.org\",\"@graph\":[{\"@type\":\"WebPage\",\"@id\":\"https:\/\/xn--baanthai-nrnberg-szb.de\/impressum\/\",\"url\":\"https:\/\/xn--baanthai-nrnberg-szb.de\/impressum\/\",\"name\":\"Impressum - BaanThai Wellness &amp; Massage N\u00fcrnberg\",\"isPartOf\":{\"@id\":\"https:\/\/xn--baanthai-nrnberg-szb.de\/#website\"},\"datePublished\":\"2026-01-13T12:54:09+00:00\",\"dateModified\":\"2026-01-24T15:59:25+00:00\",\"breadcrumb\":{\"@id\":\"https:\/\/xn--baanthai-nrnberg-szb.de\/impressum\/#breadcrumb\"},\"inLanguage\":\"en-GB\",\"potentialAction\":[{\"@type\":\"ReadAction\",\"target\":[\"https:\/\/xn--baanthai-nrnberg-szb.de\/impressum\/\"]}]},{\"@type\":\"BreadcrumbList\",\"@id\":\"https:\/\/xn--baanthai-nrnberg-szb.de\/impressum\/#breadcrumb\",\"itemListElement\":[{\"@type\":\"ListItem\",\"position\":1,\"name\":\"Home\",\"item\":\"https:\/\/xn--baanthai-nrnberg-szb.de\/\"},{\"@type\":\"ListItem\",\"position\":2,\"name\":\"Impressum\"}]},{\"@type\":\"WebSite\",\"@id\":\"https:\/\/xn--baanthai-nrnberg-szb.de\/#website\",\"url\":\"https:\/\/xn--baanthai-nrnberg-szb.de\/\",\"name\":\"BaanThai Wellness &amp; Massage N\u00fcrnberg\",\"description\":\"Traditional Thai Massage &amp; Wellness\",\"publisher\":{\"@id\":\"https:\/\/xn--baanthai-nrnberg-szb.de\/#organization\"},\"potentialAction\":[{\"@type\":\"SearchAction\",\"target\":{\"@type\":\"EntryPoint\",\"urlTemplate\":\"https:\/\/xn--baanthai-nrnberg-szb.de\/?s={search_term_string}\"},\"query-input\":{\"@type\":\"PropertyValueSpecification\",\"valueRequired\":true,\"valueName\":\"search_term_string\"}}],\"inLanguage\":\"en-GB\"},{\"@type\":\"Organization\",\"@id\":\"https:\/\/xn--baanthai-nrnberg-szb.de\/#organization\",\"name\":\"BaanThai Wellness &amp; Massage N\u00fcrnberg\",\"url\":\"https:\/\/xn--baanthai-nrnberg-szb.de\/\",\"logo\":{\"@type\":\"ImageObject\",\"inLanguage\":\"en-GB\",\"@id\":\"https:\/\/xn--baanthai-nrnberg-szb.de\/#\/schema\/logo\/image\/\",\"url\":\"https:\/\/xn--baanthai-nrnberg-szb.de\/wp-content\/uploads\/2026\/01\/LOGO-WEBB.png\",\"contentUrl\":\"https:\/\/xn--baanthai-nrnberg-szb.de\/wp-content\/uploads\/2026\/01\/LOGO-WEBB.png\",\"width\":932,\"height\":911,\"caption\":\"BaanThai Wellness &amp; Massage N\u00fcrnberg\"},\"image\":{\"@id\":\"https:\/\/xn--baanthai-nrnberg-szb.de\/#\/schema\/logo\/image\/\"}}]}<\/script>\n<!-- \/ Yoast SEO plugin. -->","yoast_head_json":{"title":"Impressum - BaanThai Wellness &amp; Massage N\u00fcrnberg","robots":{"index":"noindex","follow":"follow"},"og_locale":"en_GB","og_type":"article","og_title":"Impressum - BaanThai Wellness &amp; Massage N\u00fcrnberg","og_description":"Impressum Angaben gem\u00e4\u00df \u00a7 5 TMG BaanThai Wellness &amp; Massage N\u00fcrnberg Inhaberin: Supattra Kraemer Bindergasse 7 90403 N\u00fcrnberg Deutschland Kontakt Telefon: 015565 152709 E-Mail: info@baanthai-n\u00fcrnberg.de Verantwortlich f\u00fcr den Inhalt nach \u00a7 55 Abs. 2 RStV Supattra Kraemer BaanThai Wellness &amp; &hellip; Read More","og_url":"https:\/\/xn--baanthai-nrnberg-szb.de\/en\/impressum\/","og_site_name":"BaanThai Wellness &amp; Massage N\u00fcrnberg","article_modified_time":"2026-01-24T15:59:25+00:00","twitter_card":"summary_large_image","twitter_misc":{"Est. reading time":"2 minutes"},"schema":{"@context":"https:\/\/schema.org","@graph":[{"@type":"WebPage","@id":"https:\/\/xn--baanthai-nrnberg-szb.de\/impressum\/","url":"https:\/\/xn--baanthai-nrnberg-szb.de\/impressum\/","name":"Impressum - BaanThai Wellness &amp; Massage N\u00fcrnberg","isPartOf":{"@id":"https:\/\/xn--baanthai-nrnberg-szb.de\/#website"},"datePublished":"2026-01-13T12:54:09+00:00","dateModified":"2026-01-24T15:59:25+00:00","breadcrumb":{"@id":"https:\/\/xn--baanthai-nrnberg-szb.de\/impressum\/#breadcrumb"},"inLanguage":"en-GB","potentialAction":[{"@type":"ReadAction","target":["https:\/\/xn--baanthai-nrnberg-szb.de\/impressum\/"]}]},{"@type":"BreadcrumbList","@id":"https:\/\/xn--baanthai-nrnberg-szb.de\/impressum\/#breadcrumb","itemListElement":[{"@type":"ListItem","position":1,"name":"Home","item":"https:\/\/xn--baanthai-nrnberg-szb.de\/"},{"@type":"ListItem","position":2,"name":"Impressum"}]},{"@type":"WebSite","@id":"https:\/\/xn--baanthai-nrnberg-szb.de\/#website","url":"https:\/\/xn--baanthai-nrnberg-szb.de\/","name":"BaanThai Wellness &amp; Massage N\u00fcrnberg","description":"Traditional Thai Massage &amp; Wellness","publisher":{"@id":"https:\/\/xn--baanthai-nrnberg-szb.de\/#organization"},"potentialAction":[{"@type":"SearchAction","target":{"@type":"EntryPoint","urlTemplate":"https:\/\/xn--baanthai-nrnberg-szb.de\/?s={search_term_string}"},"query-input":{"@type":"PropertyValueSpecification","valueRequired":true,"valueName":"search_term_string"}}],"inLanguage":"en-GB"},{"@type":"Organization","@id":"https:\/\/xn--baanthai-nrnberg-szb.de\/#organization","name":"BaanThai Wellness &amp; Massage N\u00fcrnberg","url":"https:\/\/xn--baanthai-nrnberg-szb.de\/","logo":{"@type":"ImageObject","inLanguage":"en-GB","@id":"https:\/\/xn--baanthai-nrnberg-szb.de\/#\/schema\/logo\/image\/","url":"https:\/\/xn--baanthai-nrnberg-szb.de\/wp-content\/uploads\/2026\/01\/LOGO-WEBB.png","contentUrl":"https:\/\/xn--baanthai-nrnberg-szb.de\/wp-content\/uploads\/2026\/01\/LOGO-WEBB.png","width":932,"height":911,"caption":"BaanThai Wellness &amp; Massage N\u00fcrnberg"},"image":{"@id":"https:\/\/xn--baanthai-nrnberg-szb.de\/#\/schema\/logo\/image\/"}}]}},"_links":{"self":[{"href":"http:\/\/xn--baanthai-nrnberg-szb.de\/en\/wp-json\/wp\/v2\/pages\/259","targetHints":{"allow":["GET"]}}],"collection":[{"href":"http:\/\/xn--baanthai-nrnberg-szb.de\/en\/wp-json\/wp\/v2\/pages"}],"about":[{"href":"http:\/\/xn--baanthai-nrnberg-szb.de\/en\/wp-json\/wp\/v2\/types\/page"}],"author":[{"embeddable":true,"href":"http:\/\/xn--baanthai-nrnberg-szb.de\/en\/wp-json\/wp\/v2\/users\/1"}],"replies":[{"embeddable":true,"href":"http:\/\/xn--baanthai-nrnberg-szb.de\/en\/wp-json\/wp\/v2\/comments?post=259"}],"version-history":[{"count":19,"href":"http:\/\/xn--baanthai-nrnberg-szb.de\/en\/wp-json\/wp\/v2\/pages\/259\/revisions"}],"predecessor-version":[{"id":459,"href":"http:\/\/xn--baanthai-nrnberg-szb.de\/en\/wp-json\/wp\/v2\/pages\/259\/revisions\/459"}],"wp:attachment":[{"href":"http:\/\/xn--baanthai-nrnberg-szb.de\/en\/wp-json\/wp\/v2\/media?parent=259"}],"curies":[{"name":"wp","href":"https:\/\/api.w.org\/{rel}","templated":true}]}}