{"id":3,"date":"2026-01-12T11:45:23","date_gmt":"2026-01-12T11:45:23","guid":{"rendered":"http:\/\/xn--baanthai-nrnberg-szb.de\/?page_id=3"},"modified":"2026-01-24T15:59:59","modified_gmt":"2026-01-24T15:59:59","slug":"privacy-policy","status":"publish","type":"page","link":"http:\/\/xn--baanthai-nrnberg-szb.de\/en\/privacy-policy\/","title":{"rendered":"Privacy Policy"},"content":{"rendered":"<div data-elementor-type=\"wp-page\" data-elementor-id=\"3\" class=\"elementor elementor-3\">\n\t\t\t\t\t\t<section class=\"elementor-section elementor-top-section elementor-element elementor-element-72dbb9cc elementor-section-height-min-height elementor-hidden-desktop elementor-section-boxed elementor-section-height-default elementor-section-items-middle\" data-id=\"72dbb9cc\" data-element_type=\"section\" data-settings=\"{&quot;background_background&quot;:&quot;classic&quot;}\">\n\t\t\t\t\t\t<div class=\"elementor-container elementor-column-gap-default\">\n\t\t\t\t\t<div class=\"elementor-column elementor-col-100 elementor-top-column elementor-element elementor-element-1db7e826\" data-id=\"1db7e826\" data-element_type=\"column\">\n\t\t\t<div class=\"elementor-widget-wrap\">\n\t\t\t\t\t\t\t<\/div>\n\t\t<\/div>\n\t\t\t\t\t<\/div>\n\t\t<\/section>\n\t\t\t\t<section class=\"elementor-section elementor-top-section elementor-element elementor-element-4596cc4 elementor-section-height-min-height elementor-section-boxed elementor-section-height-default elementor-section-items-middle\" data-id=\"4596cc4\" data-element_type=\"section\" data-settings=\"{&quot;background_background&quot;:&quot;classic&quot;}\">\n\t\t\t\t\t\t<div class=\"elementor-container elementor-column-gap-default\">\n\t\t\t\t\t<div class=\"elementor-column elementor-col-100 elementor-top-column elementor-element elementor-element-7e33f7c7\" data-id=\"7e33f7c7\" data-element_type=\"column\">\n\t\t\t<div class=\"elementor-widget-wrap elementor-element-populated\">\n\t\t\t\t\t\t<div class=\"elementor-element elementor-element-54c4d86d elementor-widget elementor-widget-spacer\" data-id=\"54c4d86d\" data-element_type=\"widget\" data-widget_type=\"spacer.default\">\n\t\t\t\t\t\t\t<div class=\"elementor-spacer\">\n\t\t\t<div class=\"elementor-spacer-inner\"><\/div>\n\t\t<\/div>\n\t\t\t\t\t\t<\/div>\n\t\t\t\t<div class=\"elementor-element elementor-element-243b26ac elementor-widget elementor-widget-heading\" data-id=\"243b26ac\" data-element_type=\"widget\" data-widget_type=\"heading.default\">\n\t\t\t\t\t<h1 class=\"elementor-heading-title elementor-size-default\">Privacy Policy\n<\/h1>\t\t\t\t<\/div>\n\t\t\t\t<div class=\"elementor-element elementor-element-13516494 elementor-widget elementor-widget-html\" data-id=\"13516494\" data-element_type=\"widget\" data-widget_type=\"html.default\">\n\t\t\t\t\t<h2>1. Data Protection at a Glance<\/h2>\r\n<p>\r\nThe protection of your personal data is very important to us. We treat your personal data confidentially and in accordance with statutory data protection regulations and this privacy policy.\r\n<\/p>\r\n\r\n<h2>2. Responsible Entity<\/h2>\r\n<p>\r\n<strong>BaanThai Wellness &amp; Massage N\u00fcrnberg<\/strong><br>\r\nOwner: Supattra Kraemer<br>\r\nBindergasse 7<br>\r\n90403 N\u00fcrnberg<br>\r\nGermany<br><br>\r\nTelefon: 015565 152709<br>\r\nE-Mail: <a href=\"mailto:info@xn--baanthai-nrnberg-szb.de\">info@baanthai-n\u00fcrnberg.de<\/a>\r\n<\/p>\r\n\r\n<h2>3. Collection and Processing of Personal Data<\/h2>\r\n<p>\r\nPersonal data is only collected if you voluntarily provide it to us, for example via the contact form or by email.\r\n<\/p>\r\n<p>\r\nThis includes in particular:\r\n<\/p>\r\n<ul>\r\n<li>Name<\/li>\r\n<li>Email address<\/li>\r\n<li>Content of your message<\/li>\r\n<\/ul>\r\n\r\n<p>\r\nThis data is used exclusively to process your request and will not be passed on without your consent.\r\n<\/p>\r\n\r\n<h2>4. Contact Form<\/h2>\r\n<p>\r\nIf you send us inquiries via the contact form, your details from the form, including the contact data you provide there, will be stored for the purpose of processing your request. This data will not be shared without your consent.\r\n<\/p>\r\n\r\n<h2>5. Vouchers<\/h2>\r\n<p>\r\nRequests for purchasing vouchers are made via the contact form. The data transmitted as part of the request is used exclusively for processing the voucher request.\r\n<\/p>\r\n\r\n<h2>6. Online Appointment Booking (Setmore)<\/h2>\r\n<p>\r\nWe use the external booking system <strong>Setmore<\/strong>for online appointment bookings. If you wish to book an appointment, you will be redirected to the Setmore platform via an external link.\r\n<\/p>\r\n<p>\r\nThe processing of personal data is carried out exclusively by Setmore. The privacy policy of the respective provider applies.\r\n<\/p>\r\n\r\n<h2>7. Google Maps<\/h2>\r\n<p>\r\nThis website uses Google Maps to display map information. The provider is Google Ireland Limited, Gordon House, Barrow Street, Dublin 4, Ireland.\r\n<\/p>\r\n<p>\r\nBy using Google Maps, information about your use of this website (including your IP address) may be transmitted to Google.\r\n<\/p>\r\n\r\n<h2>8. Google Reviews<\/h2>\r\n<p>\r\nOur website contains an external link to Google Reviews. By clicking this link, you leave our website. The processing of personal data is subject to Google\u2019s privacy policy.\r\n<\/p>\r\n\r\n<h2>9. Images and Media<\/h2>\r\n<p>\r\nThe images used on this website originate in part from <strong>Freepik Premium<\/strong>\r\nand are licensed accordingly.\r\n<\/p>\r\n\r\n<h2>10. Cookies<\/h2>\r\n<p>\r\nThis website does not use cookies for analyzing user behavior. Technically necessary cookies may be used by the content management system.\r\n<\/p>\r\n\r\n<h2>11. Your Rights<\/h2>\r\n<p>\r\nYou have the right at any time to:\r\n<\/p>\r\n<ul>\r\n<li>Access information about your stored personal data<\/li>\r\n<li>Rectification of incorrect data<\/li>\r\n<li>Deletion of your data, provided there is no legal obligation to retain it<\/li>\r\n<li>Restriction of processing<\/li>\r\n<li>Object to the processing<\/li>\r\n<\/ul>\r\n\r\n<h2>12. Withdrawal of Consent<\/h2>\r\n<p>\r\nYou may withdraw any consent you have given for the processing of your data at any time with effect for the future.\r\n<\/p>\r\n\r\n<h2>13. SSL \/ TLS Encryption<\/h2>\r\n<p>\r\nFor security reasons and to protect the transmission of confidential content, this website uses SSL or TLS encryption.\r\n<\/p>\r\n\r\n<h2>14. Changes to This Privacy Policy<\/h2>\r\n<p>\r\nWe reserve the right to amend this privacy policy to ensure it always complies with current legal requirements.\r\n<\/p>\r\n\t\t\t\t<\/div>\n\t\t\t\t<div class=\"elementor-element elementor-element-746d843e elementor-widget elementor-widget-spacer\" data-id=\"746d843e\" data-element_type=\"widget\" data-widget_type=\"spacer.default\">\n\t\t\t\t\t\t\t<div class=\"elementor-spacer\">\n\t\t\t<div class=\"elementor-spacer-inner\"><\/div>\n\t\t<\/div>\n\t\t\t\t\t\t<\/div>\n\t\t\t\t\t<\/div>\n\t\t<\/div>\n\t\t\t\t\t<\/div>\n\t\t<\/section>\n\t\t\t\t<section class=\"elementor-section elementor-top-section elementor-element elementor-element-50c99986 elementor-section-height-min-height elementor-section-boxed elementor-section-height-default elementor-section-items-middle\" data-id=\"50c99986\" data-element_type=\"section\" data-settings=\"{&quot;background_background&quot;:&quot;classic&quot;}\">\n\t\t\t\t\t\t<div class=\"elementor-container elementor-column-gap-default\">\n\t\t\t\t\t<div class=\"elementor-column elementor-col-100 elementor-top-column elementor-element elementor-element-2c359846\" data-id=\"2c359846\" data-element_type=\"column\">\n\t\t\t<div class=\"elementor-widget-wrap\">\n\t\t\t\t\t\t\t<\/div>\n\t\t<\/div>\n\t\t\t\t\t<\/div>\n\t\t<\/section>\n\t\t\t\t<\/div>","protected":false},"excerpt":{"rendered":"<p>Datenschutzerkl\u00e4rung 1. Datenschutz auf einen Blick Der Schutz Ihrer pers\u00f6nlichen Daten ist uns ein besonderes Anliegen. Wir behandeln Ihre personenbezogenen Daten vertraulich und entsprechend der gesetzlichen Datenschutzvorschriften sowie dieser Datenschutzerkl\u00e4rung. 2. Verantwortliche Stelle BaanThai Wellness &amp; Massage N\u00fcrnberg Inhaberin: Supattra &hellip; <a class=\"kt-excerpt-readmore more-link\" href=\"http:\/\/xn--baanthai-nrnberg-szb.de\/en\/privacy-policy\/\">Read More<\/a><\/p>","protected":false},"author":1,"featured_media":0,"parent":0,"menu_order":0,"comment_status":"closed","ping_status":"closed","template":"","meta":{"footnotes":""},"class_list":["post-3","page","type-page","status-publish","hentry"],"yoast_head":"<!-- This site is optimized with the Yoast SEO plugin v26.7 - https:\/\/yoast.com\/wordpress\/plugins\/seo\/ -->\n<title>Datenschutzerkl\u00e4rung - BaanThai Wellness &amp; Massage N\u00fcrnberg<\/title>\n<meta name=\"robots\" content=\"noindex, follow\" \/>\n<meta property=\"og:locale\" content=\"en_GB\" \/>\n<meta property=\"og:type\" content=\"article\" \/>\n<meta property=\"og:title\" content=\"Datenschutzerkl\u00e4rung - BaanThai Wellness &amp; Massage N\u00fcrnberg\" \/>\n<meta property=\"og:description\" content=\"Datenschutzerkl\u00e4rung 1. Datenschutz auf einen Blick Der Schutz Ihrer pers\u00f6nlichen Daten ist uns ein besonderes Anliegen. Wir behandeln Ihre personenbezogenen Daten vertraulich und entsprechend der gesetzlichen Datenschutzvorschriften sowie dieser Datenschutzerkl\u00e4rung. 2. Verantwortliche Stelle BaanThai Wellness &amp; Massage N\u00fcrnberg Inhaberin: Supattra &hellip; Read More\" \/>\n<meta property=\"og:url\" content=\"https:\/\/xn--baanthai-nrnberg-szb.de\/en\/privacy-policy\/\" \/>\n<meta property=\"og:site_name\" content=\"BaanThai Wellness &amp; Massage N\u00fcrnberg\" \/>\n<meta property=\"article:modified_time\" content=\"2026-01-24T15:59:59+00:00\" \/>\n<meta name=\"twitter:card\" content=\"summary_large_image\" \/>\n<meta name=\"twitter:label1\" content=\"Est. reading time\" \/>\n\t<meta name=\"twitter:data1\" content=\"3 minutes\" \/>\n<script type=\"application\/ld+json\" class=\"yoast-schema-graph\">{\"@context\":\"https:\/\/schema.org\",\"@graph\":[{\"@type\":\"WebPage\",\"@id\":\"https:\/\/xn--baanthai-nrnberg-szb.de\/privacy-policy\/\",\"url\":\"https:\/\/xn--baanthai-nrnberg-szb.de\/privacy-policy\/\",\"name\":\"Datenschutzerkl\u00e4rung - BaanThai Wellness &amp; Massage N\u00fcrnberg\",\"isPartOf\":{\"@id\":\"https:\/\/xn--baanthai-nrnberg-szb.de\/#website\"},\"datePublished\":\"2026-01-12T11:45:23+00:00\",\"dateModified\":\"2026-01-24T15:59:59+00:00\",\"breadcrumb\":{\"@id\":\"https:\/\/xn--baanthai-nrnberg-szb.de\/privacy-policy\/#breadcrumb\"},\"inLanguage\":\"en-GB\",\"potentialAction\":[{\"@type\":\"ReadAction\",\"target\":[\"https:\/\/xn--baanthai-nrnberg-szb.de\/privacy-policy\/\"]}]},{\"@type\":\"BreadcrumbList\",\"@id\":\"https:\/\/xn--baanthai-nrnberg-szb.de\/privacy-policy\/#breadcrumb\",\"itemListElement\":[{\"@type\":\"ListItem\",\"position\":1,\"name\":\"Home\",\"item\":\"https:\/\/xn--baanthai-nrnberg-szb.de\/\"},{\"@type\":\"ListItem\",\"position\":2,\"name\":\"Datenschutzerkl\u00e4rung\"}]},{\"@type\":\"WebSite\",\"@id\":\"https:\/\/xn--baanthai-nrnberg-szb.de\/#website\",\"url\":\"https:\/\/xn--baanthai-nrnberg-szb.de\/\",\"name\":\"BaanThai Wellness &amp; Massage N\u00fcrnberg\",\"description\":\"Traditional Thai Massage &amp; Wellness\",\"publisher\":{\"@id\":\"https:\/\/xn--baanthai-nrnberg-szb.de\/#organization\"},\"potentialAction\":[{\"@type\":\"SearchAction\",\"target\":{\"@type\":\"EntryPoint\",\"urlTemplate\":\"https:\/\/xn--baanthai-nrnberg-szb.de\/?s={search_term_string}\"},\"query-input\":{\"@type\":\"PropertyValueSpecification\",\"valueRequired\":true,\"valueName\":\"search_term_string\"}}],\"inLanguage\":\"en-GB\"},{\"@type\":\"Organization\",\"@id\":\"https:\/\/xn--baanthai-nrnberg-szb.de\/#organization\",\"name\":\"BaanThai Wellness &amp; Massage N\u00fcrnberg\",\"url\":\"https:\/\/xn--baanthai-nrnberg-szb.de\/\",\"logo\":{\"@type\":\"ImageObject\",\"inLanguage\":\"en-GB\",\"@id\":\"https:\/\/xn--baanthai-nrnberg-szb.de\/#\/schema\/logo\/image\/\",\"url\":\"https:\/\/xn--baanthai-nrnberg-szb.de\/wp-content\/uploads\/2026\/01\/LOGO-WEBB.png\",\"contentUrl\":\"https:\/\/xn--baanthai-nrnberg-szb.de\/wp-content\/uploads\/2026\/01\/LOGO-WEBB.png\",\"width\":932,\"height\":911,\"caption\":\"BaanThai Wellness &amp; Massage N\u00fcrnberg\"},\"image\":{\"@id\":\"https:\/\/xn--baanthai-nrnberg-szb.de\/#\/schema\/logo\/image\/\"}}]}<\/script>\n<!-- \/ Yoast SEO plugin. -->","yoast_head_json":{"title":"Datenschutzerkl\u00e4rung - BaanThai Wellness &amp; Massage N\u00fcrnberg","robots":{"index":"noindex","follow":"follow"},"og_locale":"en_GB","og_type":"article","og_title":"Datenschutzerkl\u00e4rung - BaanThai Wellness &amp; Massage N\u00fcrnberg","og_description":"Datenschutzerkl\u00e4rung 1. Datenschutz auf einen Blick Der Schutz Ihrer pers\u00f6nlichen Daten ist uns ein besonderes Anliegen. Wir behandeln Ihre personenbezogenen Daten vertraulich und entsprechend der gesetzlichen Datenschutzvorschriften sowie dieser Datenschutzerkl\u00e4rung. 2. Verantwortliche Stelle BaanThai Wellness &amp; Massage N\u00fcrnberg Inhaberin: Supattra &hellip; Read More","og_url":"https:\/\/xn--baanthai-nrnberg-szb.de\/en\/privacy-policy\/","og_site_name":"BaanThai Wellness &amp; Massage N\u00fcrnberg","article_modified_time":"2026-01-24T15:59:59+00:00","twitter_card":"summary_large_image","twitter_misc":{"Est. reading time":"3 minutes"},"schema":{"@context":"https:\/\/schema.org","@graph":[{"@type":"WebPage","@id":"https:\/\/xn--baanthai-nrnberg-szb.de\/privacy-policy\/","url":"https:\/\/xn--baanthai-nrnberg-szb.de\/privacy-policy\/","name":"Datenschutzerkl\u00e4rung - BaanThai Wellness &amp; Massage N\u00fcrnberg","isPartOf":{"@id":"https:\/\/xn--baanthai-nrnberg-szb.de\/#website"},"datePublished":"2026-01-12T11:45:23+00:00","dateModified":"2026-01-24T15:59:59+00:00","breadcrumb":{"@id":"https:\/\/xn--baanthai-nrnberg-szb.de\/privacy-policy\/#breadcrumb"},"inLanguage":"en-GB","potentialAction":[{"@type":"ReadAction","target":["https:\/\/xn--baanthai-nrnberg-szb.de\/privacy-policy\/"]}]},{"@type":"BreadcrumbList","@id":"https:\/\/xn--baanthai-nrnberg-szb.de\/privacy-policy\/#breadcrumb","itemListElement":[{"@type":"ListItem","position":1,"name":"Home","item":"https:\/\/xn--baanthai-nrnberg-szb.de\/"},{"@type":"ListItem","position":2,"name":"Datenschutzerkl\u00e4rung"}]},{"@type":"WebSite","@id":"https:\/\/xn--baanthai-nrnberg-szb.de\/#website","url":"https:\/\/xn--baanthai-nrnberg-szb.de\/","name":"BaanThai Wellness &amp; Massage N\u00fcrnberg","description":"Traditional Thai Massage &amp; Wellness","publisher":{"@id":"https:\/\/xn--baanthai-nrnberg-szb.de\/#organization"},"potentialAction":[{"@type":"SearchAction","target":{"@type":"EntryPoint","urlTemplate":"https:\/\/xn--baanthai-nrnberg-szb.de\/?s={search_term_string}"},"query-input":{"@type":"PropertyValueSpecification","valueRequired":true,"valueName":"search_term_string"}}],"inLanguage":"en-GB"},{"@type":"Organization","@id":"https:\/\/xn--baanthai-nrnberg-szb.de\/#organization","name":"BaanThai Wellness &amp; Massage N\u00fcrnberg","url":"https:\/\/xn--baanthai-nrnberg-szb.de\/","logo":{"@type":"ImageObject","inLanguage":"en-GB","@id":"https:\/\/xn--baanthai-nrnberg-szb.de\/#\/schema\/logo\/image\/","url":"https:\/\/xn--baanthai-nrnberg-szb.de\/wp-content\/uploads\/2026\/01\/LOGO-WEBB.png","contentUrl":"https:\/\/xn--baanthai-nrnberg-szb.de\/wp-content\/uploads\/2026\/01\/LOGO-WEBB.png","width":932,"height":911,"caption":"BaanThai Wellness &amp; Massage N\u00fcrnberg"},"image":{"@id":"https:\/\/xn--baanthai-nrnberg-szb.de\/#\/schema\/logo\/image\/"}}]}},"_links":{"self":[{"href":"http:\/\/xn--baanthai-nrnberg-szb.de\/en\/wp-json\/wp\/v2\/pages\/3","targetHints":{"allow":["GET"]}}],"collection":[{"href":"http:\/\/xn--baanthai-nrnberg-szb.de\/en\/wp-json\/wp\/v2\/pages"}],"about":[{"href":"http:\/\/xn--baanthai-nrnberg-szb.de\/en\/wp-json\/wp\/v2\/types\/page"}],"author":[{"embeddable":true,"href":"http:\/\/xn--baanthai-nrnberg-szb.de\/en\/wp-json\/wp\/v2\/users\/1"}],"replies":[{"embeddable":true,"href":"http:\/\/xn--baanthai-nrnberg-szb.de\/en\/wp-json\/wp\/v2\/comments?post=3"}],"version-history":[{"count":16,"href":"http:\/\/xn--baanthai-nrnberg-szb.de\/en\/wp-json\/wp\/v2\/pages\/3\/revisions"}],"predecessor-version":[{"id":462,"href":"http:\/\/xn--baanthai-nrnberg-szb.de\/en\/wp-json\/wp\/v2\/pages\/3\/revisions\/462"}],"wp:attachment":[{"href":"http:\/\/xn--baanthai-nrnberg-szb.de\/en\/wp-json\/wp\/v2\/media?parent=3"}],"curies":[{"name":"wp","href":"https:\/\/api.w.org\/{rel}","templated":true}]}}